{"id":2968,"date":"2020-11-29T19:57:26","date_gmt":"2020-11-29T18:57:26","guid":{"rendered":"https:\/\/arnaovermut.com\/arnao-vermut-rot-und-weiss\/"},"modified":"2023-02-24T10:08:28","modified_gmt":"2023-02-24T09:08:28","slug":"arnao-vermut-rot-und-weiss","status":"publish","type":"page","link":"https:\/\/arnaovermut.com\/de\/","title":{"rendered":"Arnao Vermut : Rot und Wei\u00df"},"content":{"rendered":"<p>[et_pb_section fb_built=&#8220;1&#8243; _builder_version=&#8220;4.17.4&#8243; _module_preset=&#8220;default&#8220; custom_margin=&#8220;0px||0px||false|false&#8220; custom_padding=&#8220;0px||0px||false|false&#8220; global_colors_info=&#8220;{}&#8220;][et_pb_row _builder_version=&#8220;4.17.4&#8243; _module_preset=&#8220;default&#8220; width=&#8220;100%&#8220; max_width=&#8220;100%&#8220; custom_margin=&#8220;0px||0px||false|false&#8220; custom_padding=&#8220;0px||0px||false|false&#8220; global_colors_info=&#8220;{}&#8220;][et_pb_column type=&#8220;4_4&#8243; _builder_version=&#8220;4.17.4&#8243; _module_preset=&#8220;default&#8220; global_colors_info=&#8220;{}&#8220;][et_pb_slider _builder_version=&#8220;4.17.4&#8243; _module_preset=&#8220;default&#8220; min_height=&#8220;900px&#8220; min_height_tablet=&#8220;900px&#8220; min_height_phone=&#8220;500px&#8220; min_height_last_edited=&#8220;on|phone&#8220; animation_style=&#8220;slide&#8220; animation_direction=&#8220;bottom&#8220; animation_duration=&#8220;1600ms&#8220; auto=&#8220;on&#8220; auto_speed=&#8220;3000&#8243; auto_ignore_hover=&#8220;on&#8220; global_colors_info=&#8220;{}&#8220;][et_pb_slide image=&#8220;https:\/\/arnaovermut.com\/wp-content\/uploads\/bebamos-galegos.png&#8220; _builder_version=&#8220;4.17.4&#8243; _module_preset=&#8220;default&#8220; background_color=&#8220;RGBA(255,255,255,0)&#8220; background_enable_color=&#8220;on&#8220; background_image=&#8220;https:\/\/arnaovermut.com\/wp-content\/uploads\/bg-arnau-rojo.jpg&#8220; background_enable_image=&#8220;on&#8220; width=&#8220;90%&#8220; max_width=&#8220;90%&#8220; global_colors_info=&#8220;{}&#8220; sticky_transition=&#8220;on&#8220;][\/et_pb_slide][et_pb_slide image=&#8220;https:\/\/arnaovermut.com\/wp-content\/uploads\/bebamos-galegos.png&#8220; _builder_version=&#8220;4.17.4&#8243; _module_preset=&#8220;default&#8220; background_color=&#8220;RGBA(255,255,255,0)&#8220; background_enable_color=&#8220;on&#8220; background_image=&#8220;https:\/\/arnaovermut.com\/wp-content\/uploads\/bg-arnau-blanco.jpg&#8220; background_enable_image=&#8220;on&#8220; width=&#8220;90%&#8220; max_width=&#8220;90%&#8220; global_colors_info=&#8220;{}&#8220; sticky_transition=&#8220;on&#8220;][\/et_pb_slide][\/et_pb_slider][\/et_pb_column][\/et_pb_row][\/et_pb_section][et_pb_section fb_built=&#8220;1&#8243; module_id=&#8220;Unternehmen&#8220; _builder_version=&#8220;4.17.4&#8243; _module_preset=&#8220;default&#8220; custom_padding=&#8220;30px||||false|false&#8220; global_colors_info=&#8220;{}&#8220;][et_pb_row column_structure=&#8220;1_2,1_2&#8243; _builder_version=&#8220;4.17.4&#8243; _module_preset=&#8220;default&#8220; global_colors_info=&#8220;{}&#8220;][et_pb_column type=&#8220;1_2&#8243; _builder_version=&#8220;4.17.4&#8243; _module_preset=&#8220;default&#8220; global_colors_info=&#8220;{}&#8220;][et_pb_text module_class=&#8220;titulo-destacado&#8220; _builder_version=&#8220;4.17.4&#8243; _module_preset=&#8220;default&#8220; header_text_color=&#8220;#293766&#8243; header_font_size=&#8220;120px&#8220; header_letter_spacing=&#8220;-1px&#8220; header_line_height=&#8220;0.9em&#8220; header_text_align_tablet=&#8220;&#8220; header_text_align_phone=&#8220;center&#8220; header_text_align_last_edited=&#8220;on|phone&#8220; header_font_size_tablet=&#8220;120px&#8220; header_font_size_phone=&#8220;60px&#8220; header_font_size_last_edited=&#8220;on|phone&#8220; global_colors_info=&#8220;{}&#8220;]<\/p>\n<h1>Ein Wermut mit<br \/><span class=\"subrayado-azul\">Meerblick<\/span><\/h1>\n<p>[\/et_pb_text][et_pb_image src=&#8220;https:\/\/arnaovermut.com\/wp-content\/uploads\/arnao-vermut-blanco-galego.jpg&#8220; alt=&#8220;Arnao Wei\u00dfer Wermut&#8220; title_text=&#8220;Arnao Wei\u00dfer Wermut&#8220; force_fullwidth=&#8220;on&#8220; _builder_version=&#8220;4.17.4&#8243; _module_preset=&#8220;default&#8220; global_colors_info=&#8220;{}&#8220;][\/et_pb_image][\/et_pb_column][et_pb_column type=&#8220;1_2&#8243; _builder_version=&#8220;4.17.4&#8243; _module_preset=&#8220;default&#8220; global_colors_info=&#8220;{}&#8220;][et_pb_text _builder_version=&#8220;4.17.4&#8243; _module_preset=&#8220;default&#8220; text_font=&#8220;|300|||||||&#8220; text_orientation_tablet=&#8220;&#8220; text_orientation_phone=&#8220;center&#8220; text_orientation_last_edited=&#8220;on|phone&#8220; global_colors_info=&#8220;{}&#8220;]<\/p>\n<p>Arnao ist ein <strong>galicischer Wermut<\/strong>, der im Herzen von <strong>Ribadeo<\/strong>, in einer der sch\u00f6nsten K\u00fcstenlandschaften Galiciens, von Hand hergestellt wird. Er hat auch einen exquisiten Geschmack, s\u00fc\u00df und cremig, mit erfrischenden Fruchtnoten auf der Basis der Godello-Traube.<\/p>\n<p>Wenn man eine <strong>Flasche Arnao<\/strong> \u00f6ffnet, f\u00fchlt man sich wie auf eine Terrasse mit Blick aufs Meer versetzt. Sp\u00fcren Sie das Salz auf Ihrer Haut und den Sand an Ihren F\u00fc\u00dfen. Ein Toast auf die sch\u00f6nen Dinge des Lebens mit dem Rauschen der Wellen im Hintergrund.<\/p>\n<p>Nur die <strong style=\"color: #da3b54;\">Galicier<\/strong> mit ihrer Leidenschaft f\u00fcr das Meer konnten einen Wermut wie diesen kreieren.<\/p>\n<p><strong>Erheben Sie nun Ihr Glas und genie\u00dfen Sie die Aussicht.<\/strong><\/p>\n<p>[\/et_pb_text][et_pb_divider color=&#8220;#D72844&#8243; divider_weight=&#8220;70px&#8220; disabled_on=&#8220;on|on|off&#8220; _builder_version=&#8220;4.17.4&#8243; _module_preset=&#8220;default&#8220; width=&#8220;880px&#8220; module_alignment=&#8220;right&#8220; custom_margin=&#8220;70px||100px||false|false&#8220; custom_css_main_element=&#8220;float:right;&#8220; global_colors_info=&#8220;{}&#8220;][\/et_pb_divider][et_pb_button button_text=&#8220;Unser Gesch\u00e4ft&#8220; button_alignment=&#8220;right&#8220; disabled_on=&#8220;off|off|off&#8220; module_class=&#8220;btn-general&#8220; _builder_version=&#8220;4.17.6&#8243; _module_preset=&#8220;default&#8220; custom_button=&#8220;on&#8220; custom_padding=&#8220;10px|80px|10px|0px|false|false&#8220; hover_enabled=&#8220;0&#8243; global_colors_info=&#8220;{}&#8220; button_bg_color__hover_enabled=&#8220;on|hover&#8220; button_bg_color__hover=&#8220;&#8220; button_bg_enable_color__hover=&#8220;off&#8220; button_url=&#8220;@ET-DC@eyJkeW5hbWljIjp0cnVlLCJjb250ZW50IjoicG9zdF9saW5rX3VybF9wYWdlIiwic2V0dGluZ3MiOnsicG9zdF9pZCI6IjIwIn19@&#8220; _dynamic_attributes=&#8220;button_url&#8220; sticky_enabled=&#8220;0&#8243;][\/et_pb_button][\/et_pb_column][\/et_pb_row][et_pb_row column_structure=&#8220;1_3,1_3,1_3&#8243; use_custom_gutter=&#8220;on&#8220; gutter_width=&#8220;2&#8243; _builder_version=&#8220;4.17.4&#8243; _module_preset=&#8220;default&#8220; custom_padding=&#8220;80px||||false|false&#8220; global_colors_info=&#8220;{}&#8220;][et_pb_column type=&#8220;1_3&#8243; _builder_version=&#8220;4.17.4&#8243; _module_preset=&#8220;default&#8220; global_colors_info=&#8220;{}&#8220; custom_css_main_element_last_edited=&#8220;on|phone&#8220; custom_css_main_element_phone=&#8220;margin-bottom:0px !important;&#8220;][et_pb_blurb title=&#8220;Wermut mit Godello-Seele&#8220; image=&#8220;https:\/\/arnaovermut.com\/wp-content\/uploads\/ico-vermut-godello.png&#8220; alt=&#8220;Wermut mit Godello-Seele&#8220; image_icon_width=&#8220;174px&#8220; _builder_version=&#8220;4.17.4&#8243; _module_preset=&#8220;default&#8220; header_text_align=&#8220;center&#8220; header_text_color=&#8220;#293766&#8243; header_font_size=&#8220;64px&#8220; header_letter_spacing=&#8220;-1px&#8220; header_line_height=&#8220;1.1em&#8220; body_font=&#8220;|300|||||||&#8220; body_text_align=&#8220;center&#8220; body_text_color=&#8220;#293766&#8243; body_font_size=&#8220;24px&#8220; background_image=&#8220;https:\/\/arnaovermut.com\/wp-content\/uploads\/bg-iconos.gif&#8220; background_size=&#8220;initial&#8220; background_repeat=&#8220;repeat-y&#8220; custom_margin=&#8220;0px||0px||false|false&#8220; custom_padding=&#8220;50px||50px||false|false&#8220; header_font_size_tablet=&#8220;64px&#8220; header_font_size_phone=&#8220;50px&#8220; header_font_size_last_edited=&#8220;on|phone&#8220; custom_css_blurb_title=&#8220;font-family: &#8217;swistblnk_monthoersregular&#8216;;&#8220; global_colors_info=&#8220;{}&#8220;]<\/p>\n<p>Wir w\u00e4hlen die besten Trauben aus den erlesensten Weinbergen der DO Valdeorras aus. Dies ist die Grundlage f\u00fcr die Herstellung eines exquisiten, nuancenreichen Wermuts, der zu 100 % in Galicien hergestellt wird.<\/p>\n<p>[\/et_pb_blurb][\/et_pb_column][et_pb_column type=&#8220;1_3&#8243; _builder_version=&#8220;4.17.4&#8243; _module_preset=&#8220;default&#8220; global_colors_info=&#8220;{}&#8220; custom_css_main_element_last_edited=&#8220;on|phone&#8220; custom_css_main_element_phone=&#8220;margin-bottom:0px !important;&#8220;][et_pb_blurb title=&#8220;Anh\u00e4nger der Exzellenz&#8220; image=&#8220;https:\/\/arnaovermut.com\/wp-content\/uploads\/ico-vermut-alma.png&#8220; alt=&#8220;Anh\u00e4nger der Exzellenz&#8220; image_icon_width=&#8220;174px&#8220; _builder_version=&#8220;4.17.4&#8243; _module_preset=&#8220;default&#8220; header_text_align=&#8220;center&#8220; header_text_color=&#8220;#293766&#8243; header_font_size=&#8220;64px&#8220; header_letter_spacing=&#8220;-1px&#8220; header_line_height=&#8220;1.1em&#8220; body_font=&#8220;|300|||||||&#8220; body_text_align=&#8220;center&#8220; body_text_color=&#8220;#293766&#8243; body_font_size=&#8220;24px&#8220; background_image=&#8220;https:\/\/arnaovermut.com\/wp-content\/uploads\/bg-iconos.gif&#8220; background_size=&#8220;initial&#8220; background_repeat=&#8220;repeat-y&#8220; custom_margin=&#8220;0px||0px||false|false&#8220; custom_padding=&#8220;50px||50px||false|false&#8220; header_font_size_tablet=&#8220;64px&#8220; header_font_size_phone=&#8220;50px&#8220; header_font_size_last_edited=&#8220;on|phone&#8220; custom_css_blurb_title=&#8220;font-family: &#8217;swistblnk_monthoersregular&#8216;;&#8220; global_colors_info=&#8220;{}&#8220;]<\/p>\n<p>Nichts ist zuf\u00e4llig ausgezeichnet. Unsere Wermutmeister k\u00fcmmern sich um jedes Detail des Herstellungsprozesses, von der Destillation bis zur Abf\u00fcllung.<\/p>\n<p>[\/et_pb_blurb][\/et_pb_column][et_pb_column type=&#8220;1_3&#8243; _builder_version=&#8220;4.17.4&#8243; _module_preset=&#8220;default&#8220; global_colors_info=&#8220;{}&#8220; custom_css_main_element_last_edited=&#8220;on|phone&#8220; custom_css_main_element_phone=&#8220;margin-bottom:0px !important;&#8220;][et_pb_blurb title=&#8220;Am besten ist es, sie zu teilen&#8220; image=&#8220;https:\/\/arnaovermut.com\/wp-content\/uploads\/ico-vermut-compania.png&#8220; alt=&#8220;Am besten ist es, sie zu teilen&#8220; image_icon_width=&#8220;174px&#8220; _builder_version=&#8220;4.17.4&#8243; _module_preset=&#8220;default&#8220; header_text_align=&#8220;center&#8220; header_text_color=&#8220;#293766&#8243; header_font_size=&#8220;64px&#8220; header_letter_spacing=&#8220;-1px&#8220; header_line_height=&#8220;1.1em&#8220; body_font=&#8220;|300|||||||&#8220; body_text_align=&#8220;center&#8220; body_text_color=&#8220;#293766&#8243; body_font_size=&#8220;24px&#8220; background_image=&#8220;https:\/\/arnaovermut.com\/wp-content\/uploads\/bg-iconos.gif&#8220; background_size=&#8220;initial&#8220; background_repeat=&#8220;repeat-y&#8220; custom_margin=&#8220;0px||0px||false|false&#8220; custom_padding=&#8220;50px||50px||false|false&#8220; header_font_size_tablet=&#8220;64px&#8220; header_font_size_phone=&#8220;50px&#8220; header_font_size_last_edited=&#8220;on|phone&#8220; custom_css_blurb_title=&#8220;font-family: &#8217;swistblnk_monthoersregular&#8216;;&#8220; global_colors_info=&#8220;{}&#8220;]<\/p>\n<p>Um Ihren Arnao-Moment noch mehr zu genie\u00dfen, gibt es nichts Besseres, als ihn zu teilen. Ein Glas Eis und eine angenehme Unterhaltung sind die besten Freunde unseres galicischen Wermuts.<\/p>\n<p>[\/et_pb_blurb][\/et_pb_column][\/et_pb_row][\/et_pb_section][et_pb_section fb_built=&#8220;1&#8243; _builder_version=&#8220;4.17.4&#8243; _module_preset=&#8220;default&#8220; background_image=&#8220;https:\/\/arnaovermut.com\/wp-content\/uploads\/bg-rayas-azul.gif&#8220; background_size=&#8220;initial&#8220; background_position=&#8220;top_left&#8220; background_repeat=&#8220;repeat-y&#8220; custom_padding=&#8220;0px||0px||false|false&#8220; global_colors_info=&#8220;{}&#8220;][et_pb_row column_structure=&#8220;3_5,2_5&#8243; make_equal=&#8220;on&#8220; _builder_version=&#8220;4.17.4&#8243; _module_preset=&#8220;default&#8220; custom_padding=&#8220;0px||0px||false|false&#8220; global_colors_info=&#8220;{}&#8220;][et_pb_column type=&#8220;3_5&#8243; _builder_version=&#8220;4.17.4&#8243; _module_preset=&#8220;default&#8220; custom_padding=&#8220;90px||50px||false|false&#8220; global_colors_info=&#8220;{}&#8220;][et_pb_text _builder_version=&#8220;4.17.4&#8243; _module_preset=&#8220;default&#8220; header_2_text_color=&#8220;#293766&#8243; header_2_font_size=&#8220;100px&#8220; header_2_line_height=&#8220;1.2em&#8220; header_2_font_size_tablet=&#8220;100px&#8220; header_2_font_size_phone=&#8220;60px&#8220; header_2_font_size_last_edited=&#8220;on|phone&#8220; global_colors_info=&#8220;{}&#8220;]<\/p>\n<h2 class=\"fuente-swist\">Roter Wermut<\/h2>\n<p>[\/et_pb_text][et_pb_text _builder_version=&#8220;4.17.4&#8243; _module_preset=&#8220;default&#8220; text_font=&#8220;|300|||||||&#8220; global_colors_info=&#8220;{}&#8220;]<\/p>\n<p>Unser <strong>roter Wermut<\/strong> ist die erste Wahl f\u00fcr alle, die es gerne s\u00fc\u00df m\u00f6gen. Ein <strong>galicischer Wermut<\/strong> mit einem s\u00fc\u00dfen Geschmack und einem bitteren Hintergrund, mit einer frischen und lebendigen Note, die Ihren Aperitif in ein Meer von Empfindungen verwandelt.<\/p>\n<p>In seiner Intensit\u00e4t verbergen sich elegante Nuancen, die Ihren Gaumen auf eine unvergessliche Reise durch die Landschaften Galiciens, von den Weinbergen von Valdeorras bis zur K\u00fcste von Ribadeo, mitnehmen werden.<\/p>\n<p><strong>Servieren Sie ihn mit einer Scheibe Grapefruit oder einer Orangenschale, um einen Kontrast zur S\u00fc\u00dfe zu schaffen.<\/strong><\/p>\n<p>[\/et_pb_text][et_pb_button button_url=&#8220;@ET-DC@eyJkeW5hbWljIjp0cnVlLCJjb250ZW50IjoicG9zdF9saW5rX3VybF9wcm9kdWN0Iiwic2V0dGluZ3MiOnsicG9zdF9pZCI6IjE3MjcifX0=@&#8220; button_text=&#8220;Kaufen&#8220; button_alignment=&#8220;left&#8220; module_class=&#8220;btn-general bg-rojo&#8220; _builder_version=&#8220;4.17.4&#8243; _dynamic_attributes=&#8220;button_url&#8220; _module_preset=&#8220;default&#8220; custom_button=&#8220;on&#8220; button_text_color=&#8220;#FFFFFF&#8220; button_border_radius=&#8220;5px&#8220; custom_margin=&#8220;60px||||false|false&#8220; custom_padding=&#8220;0px|80px|0px|20px|false|false&#8220; global_colors_info=&#8220;{}&#8220; button_bg_color__hover_enabled=&#8220;on|hover&#8220; button_bg_color__hover=&#8220;&#8220; button_bg_enable_color__hover=&#8220;off&#8220; button_text_color__hover_enabled=&#8220;on|hover&#8220; button_text_color__hover=&#8220;#FFFFFF&#8220;][\/et_pb_button][\/et_pb_column][et_pb_column type=&#8220;2_5&#8243; _builder_version=&#8220;4.17.4&#8243; _module_preset=&#8220;default&#8220; background_color=&#8220;#FFFFFF&#8220; global_colors_info=&#8220;{}&#8220;][et_pb_image src=&#8220;https:\/\/arnaovermut.com\/wp-content\/uploads\/vermut-galego-arnao-rojo.jpg&#8220; alt=&#8220;Arnao Rojo Galizischer Wermut&#8220; title_text=&#8220;Arnao Rojo Galizischer Wermut&#8220; align=&#8220;center&#8220; _builder_version=&#8220;4.17.4&#8243; _module_preset=&#8220;default&#8220; max_width=&#8220;450px&#8220; module_alignment=&#8220;center&#8220; global_colors_info=&#8220;{}&#8220;][\/et_pb_image][\/et_pb_column][\/et_pb_row][\/et_pb_section][et_pb_section fb_built=&#8220;1&#8243; _builder_version=&#8220;4.17.4&#8243; _module_preset=&#8220;default&#8220; background_image=&#8220;https:\/\/arnaovermut.com\/wp-content\/uploads\/bg-rayas-amarillo.gif&#8220; background_size=&#8220;initial&#8220; background_position=&#8220;top_right&#8220; background_repeat=&#8220;repeat-y&#8220; custom_margin=&#8220;100px||||false|false&#8220; custom_padding=&#8220;0px||0px||false|false&#8220; global_colors_info=&#8220;{}&#8220;][et_pb_row column_structure=&#8220;2_5,3_5&#8243; make_equal=&#8220;on&#8220; _builder_version=&#8220;4.17.4&#8243; _module_preset=&#8220;default&#8220; custom_padding=&#8220;0px||0px||false|false&#8220; global_colors_info=&#8220;{}&#8220;][et_pb_column type=&#8220;2_5&#8243; _builder_version=&#8220;4.17.4&#8243; _module_preset=&#8220;default&#8220; background_color=&#8220;#FFFFFF&#8220; global_colors_info=&#8220;{}&#8220;][et_pb_image src=&#8220;https:\/\/arnaovermut.com\/wp-content\/uploads\/vermut-galego-arnao-blanco.jpg&#8220; alt=&#8220;Galizischer Wei\u00dfer Wermut Arnao&#8220; title_text=&#8220;Galizischer Wei\u00dfer Wermut Arnao&#8220; align=&#8220;center&#8220; _builder_version=&#8220;4.17.4&#8243; _module_preset=&#8220;default&#8220; max_width=&#8220;450px&#8220; module_alignment=&#8220;center&#8220; global_colors_info=&#8220;{}&#8220;][\/et_pb_image][\/et_pb_column][et_pb_column type=&#8220;3_5&#8243; _builder_version=&#8220;4.17.4&#8243; _module_preset=&#8220;default&#8220; custom_padding=&#8220;90px||50px||false|false&#8220; global_colors_info=&#8220;{}&#8220;][et_pb_text _builder_version=&#8220;4.17.4&#8243; _module_preset=&#8220;default&#8220; header_2_text_color=&#8220;#293766&#8243; header_2_font_size=&#8220;100px&#8220; header_2_line_height=&#8220;1.2em&#8220; header_2_font_size_tablet=&#8220;100px&#8220; header_2_font_size_phone=&#8220;60px&#8220; header_2_font_size_last_edited=&#8220;on|phone&#8220; global_colors_info=&#8220;{}&#8220;]<\/p>\n<h2 class=\"fuente-swist\">Wei\u00dfer Wermut<\/h2>\n<p>[\/et_pb_text][et_pb_text _builder_version=&#8220;4.17.4&#8243; _module_preset=&#8220;default&#8220; text_font=&#8220;|300|||||||&#8220; global_colors_info=&#8220;{}&#8220;]<\/p>\n<p>Der <strong>wei\u00dfe Wermut<\/strong> von Arnao, der aus <strong>Godello-Wein<\/strong> hergestellt wird, \u00fcberrascht mit seinen Zitrusnoten, die f\u00fcr Frische und Spa\u00df sorgen. Wir mazerieren ihn mit einer Mischung aus aromatischen galicischen Kr\u00e4utern. Das Ergebnis ist ein trockener und leichter Wermut f\u00fcr Ihre Aperitifs mit dem Geschmack des Meeres.<\/p>\n<p>Die Verschmelzung von Zitrus- und Mineralaromen l\u00e4sst Ihren Gaumen mit jedem Schluck vibrieren und bereitet ihn auf einen langen, frischen Abgang vor, der Lust auf mehr macht.<\/p>\n<p><strong>Gek\u00fchlt, mit einer Olive oder einer Zitronenscheibe servieren.<\/strong><\/p>\n<p>[\/et_pb_text][et_pb_button button_url=&#8220;@ET-DC@eyJkeW5hbWljIjp0cnVlLCJjb250ZW50IjoicG9zdF9saW5rX3VybF9wcm9kdWN0Iiwic2V0dGluZ3MiOnsicG9zdF9pZCI6IjE3MjYifX0=@&#8220; button_text=&#8220;Kaufen&#8220; button_alignment=&#8220;left&#8220; module_class=&#8220;btn-general bg-rojo&#8220; _builder_version=&#8220;4.17.4&#8243; _dynamic_attributes=&#8220;button_url&#8220; _module_preset=&#8220;default&#8220; custom_button=&#8220;on&#8220; button_text_color=&#8220;#FFFFFF&#8220; button_border_radius=&#8220;5px&#8220; custom_margin=&#8220;60px||||false|false&#8220; custom_padding=&#8220;0px|80px|0px|20px|false|false&#8220; global_colors_info=&#8220;{}&#8220; button_bg_color__hover_enabled=&#8220;on|hover&#8220; button_bg_color__hover=&#8220;&#8220; button_bg_enable_color__hover=&#8220;off&#8220; button_text_color__hover_enabled=&#8220;on|hover&#8220; button_text_color__hover=&#8220;#FFFFFF&#8220;][\/et_pb_button][\/et_pb_column][\/et_pb_row][\/et_pb_section][et_pb_section fb_built=&#8220;1&#8243; _builder_version=&#8220;4.17.4&#8243; _module_preset=&#8220;default&#8220; global_colors_info=&#8220;{}&#8220;][et_pb_row column_structure=&#8220;1_2,1_2&#8243; use_custom_gutter=&#8220;on&#8220; gutter_width=&#8220;1&#8243; make_equal=&#8220;on&#8220; _builder_version=&#8220;4.17.4&#8243; _module_preset=&#8220;default&#8220; background_color=&#8220;RGBA(255,255,255,0)&#8220; custom_padding=&#8220;0px||0px||false|false&#8220; global_colors_info=&#8220;{}&#8220;][et_pb_column type=&#8220;1_2&#8243; _builder_version=&#8220;4.17.4&#8243; _module_preset=&#8220;default&#8220; global_colors_info=&#8220;{}&#8220;][et_pb_image src=&#8220;https:\/\/arnaovermut.com\/wp-content\/uploads\/pack-arnao-vermut-rojo-blanco.jpg&#8220; alt=&#8220;Arnao Wermut Rot und Wei\u00df Pack&#8220; title_text=&#8220;Arnao Wermut Rot und Wei\u00df Pack&#8220; force_fullwidth=&#8220;on&#8220; _builder_version=&#8220;4.17.4&#8243; _module_preset=&#8220;default&#8220; global_colors_info=&#8220;{}&#8220;][\/et_pb_image][et_pb_button button_url=&#8220;@ET-DC@eyJkeW5hbWljIjp0cnVlLCJjb250ZW50IjoicG9zdF9saW5rX3VybF9wcm9kdWN0Iiwic2V0dGluZ3MiOnsicG9zdF9pZCI6IjE4NzYifX0=@&#8220; button_text=&#8220;Packung Wermut 2 Flaschen&#8220; button_alignment=&#8220;left&#8220; module_class=&#8220;btn-general bg-rojo&#8220; _builder_version=&#8220;4.17.4&#8243; _dynamic_attributes=&#8220;button_url&#8220; _module_preset=&#8220;default&#8220; custom_button=&#8220;on&#8220; button_text_size=&#8220;25px&#8220; button_text_color=&#8220;#FFFFFF&#8220; button_border_radius=&#8220;0px&#8220; custom_margin=&#8220;0px||||false|false&#8220; custom_padding=&#8220;8px|80px|8px|20px|false|false&#8220; custom_css_main_element=&#8220;width:100%;||font-size:30px !important;&#8220; global_colors_info=&#8220;{}&#8220; button_bg_color__hover_enabled=&#8220;off|desktop&#8220; button_bg_enable_color__hover=&#8220;off&#8220; button_text_color__hover_enabled=&#8220;off|desktop&#8220; button_text_color__hover=&#8220;#FFFFFF&#8220;][\/et_pb_button][\/et_pb_column][et_pb_column type=&#8220;1_2&#8243; _builder_version=&#8220;4.17.4&#8243; _module_preset=&#8220;default&#8220; global_colors_info=&#8220;{}&#8220;][et_pb_image src=&#8220;https:\/\/arnaovermut.com\/wp-content\/uploads\/pack-arnao-vermut-rojo-blanco-vasos.jpg&#8220; alt=&#8220;Arnao Wermut Rot und Wei\u00df Pack&#8220; title_text=&#8220;pack-arna-vermut-rot-wei\u00df-becher&#8220; force_fullwidth=&#8220;on&#8220; _builder_version=&#8220;4.17.4&#8243; _module_preset=&#8220;default&#8220; global_colors_info=&#8220;{}&#8220;][\/et_pb_image][et_pb_button button_url=&#8220;@ET-DC@eyJkeW5hbWljIjp0cnVlLCJjb250ZW50IjoicG9zdF9saW5rX3VybF9wcm9kdWN0Iiwic2V0dGluZ3MiOnsicG9zdF9pZCI6IjE4OTAifX0=@&#8220; button_text=&#8220;Geschenkpaket: 2 Flaschen + 2 Gl\u00e4ser&#8220; button_alignment=&#8220;left&#8220; module_class=&#8220;btn-general bg-azul&#8220; _builder_version=&#8220;4.17.4&#8243; _dynamic_attributes=&#8220;button_url&#8220; _module_preset=&#8220;default&#8220; custom_button=&#8220;on&#8220; button_text_size=&#8220;25px&#8220; button_text_color=&#8220;#FFFFFF&#8220; button_border_radius=&#8220;0px&#8220; custom_margin=&#8220;0px||||false|false&#8220; custom_padding=&#8220;8px|80px|8px|20px|false|false&#8220; custom_css_main_element=&#8220;width:100%;||font-size:30px !important;&#8220; global_colors_info=&#8220;{}&#8220; button_bg_color__hover_enabled=&#8220;off|desktop&#8220; button_bg_enable_color__hover=&#8220;off&#8220; button_text_color__hover_enabled=&#8220;off|desktop&#8220; button_text_color__hover=&#8220;#FFFFFF&#8220;][\/et_pb_button][\/et_pb_column][\/et_pb_row][\/et_pb_section]<\/p>\n","protected":false},"excerpt":{"rendered":"<p>Ein Wermut mitMeerblickArnao ist ein galicischer Wermut, der im Herzen von Ribadeo, in einer der sch\u00f6nsten K\u00fcstenlandschaften Galiciens, von Hand hergestellt wird. Er hat auch einen exquisiten Geschmack, s\u00fc\u00df und cremig, mit erfrischenden Fruchtnoten auf der Basis der Godello-Traube. Wenn man eine Flasche Arnao \u00f6ffnet, f\u00fchlt man sich wie auf eine Terrasse mit Blick aufs [&hellip;]<\/p>\n","protected":false},"author":1,"featured_media":0,"parent":0,"menu_order":0,"comment_status":"closed","ping_status":"closed","template":"","meta":{"_et_pb_use_builder":"on","_et_pb_old_content":"","_et_gb_content_width":"","footnotes":""},"class_list":["post-2968","page","type-page","status-publish","hentry"],"_links":{"self":[{"href":"https:\/\/arnaovermut.com\/de\/wp-json\/wp\/v2\/pages\/2968","targetHints":{"allow":["GET"]}}],"collection":[{"href":"https:\/\/arnaovermut.com\/de\/wp-json\/wp\/v2\/pages"}],"about":[{"href":"https:\/\/arnaovermut.com\/de\/wp-json\/wp\/v2\/types\/page"}],"author":[{"embeddable":true,"href":"https:\/\/arnaovermut.com\/de\/wp-json\/wp\/v2\/users\/1"}],"replies":[{"embeddable":true,"href":"https:\/\/arnaovermut.com\/de\/wp-json\/wp\/v2\/comments?post=2968"}],"version-history":[{"count":2,"href":"https:\/\/arnaovermut.com\/de\/wp-json\/wp\/v2\/pages\/2968\/revisions"}],"predecessor-version":[{"id":2971,"href":"https:\/\/arnaovermut.com\/de\/wp-json\/wp\/v2\/pages\/2968\/revisions\/2971"}],"wp:attachment":[{"href":"https:\/\/arnaovermut.com\/de\/wp-json\/wp\/v2\/media?parent=2968"}],"curies":[{"name":"wp","href":"https:\/\/api.w.org\/{rel}","templated":true}]}}